{"id":27504,"date":"2013-02-16T01:20:15","date_gmt":"2013-02-16T04:20:15","guid":{"rendered":"http:\/\/www.locoxelrojo.com.ar\/independiente\/?page_id=27504"},"modified":"2017-03-25T15:23:20","modified_gmt":"2017-03-25T18:23:20","slug":"editorial","status":"publish","type":"page","link":"https:\/\/www.locoxelrojo.com\/independiente\/lxr\/editorial\/","title":{"rendered":"Editorial"},"content":{"rendered":"<p><a href=\"https:\/\/www.locoxelrojo.com\/independiente\/wp-content\/uploads\/2013\/02\/EDITORIAL.jpg\"><img loading=\"lazy\" class=\"alignnone size-full wp-image-45672\" src=\"https:\/\/www.locoxelrojo.com\/independiente\/wp-content\/uploads\/2013\/02\/EDITORIAL.jpg\" alt=\"EDITORIAL\" width=\"740\" height=\"395\" srcset=\"https:\/\/locoxelrojo.com\/independiente\/wp-content\/uploads\/2013\/02\/EDITORIAL.jpg 740w, https:\/\/locoxelrojo.com\/independiente\/wp-content\/uploads\/2013\/02\/EDITORIAL-300x160.jpg 300w, https:\/\/locoxelrojo.com\/independiente\/wp-content\/uploads\/2013\/02\/EDITORIAL-620x330.jpg 620w\" sizes=\"(max-width: 740px) 100vw, 740px\" \/><\/a><\/p>\n<p>Hace m\u00e1s de 15 a\u00f1os que Independiente no logra volver al espacio que hist\u00f3ricamente ocup\u00f3.\u00a0 Ya que quedan lejos los t\u00edtulos del 94\/95, las nuevas generaciones tienen solamente en sus retinas el campeonato del 2002 y la Copa Sudamericana 2010. Muy lejos estamos de los 18 a\u00f1os riverplatenses, de la d\u00e9cada del 80 boquense o de los 35 a\u00f1os racinguistas. Sin embargo, es tiempo de abrir los ojos.<\/p>\n<p>El f\u00fatbol es y fue a lo largo de la historia la actividad que represent\u00f3 al &#8220;Rojo&#8221; ante el mundo. El f\u00fatbol es el sost\u00e9n de las actividades sociales del club. Y si no funciona, el club tampoco. Algunos socios dejan de ir a la cancha voluntariamente porque el equipo no los representa y otros lo hacen de manera involuntaria porque sus actividades desaparecen.<\/p>\n<p>Independiente debe recuperar protagonismo a nivel nacional, como lo viene haciendo, para luego volver a la cima del mundo, lugar que jam\u00e1s debi\u00f3 abandonar. Depende de los socios el control de quienes ejercen el poder de turno. Esto no deber\u00eda ser as\u00ed, pero lamentablemente la pol\u00edtica falla no s\u00f3lo a nivel administrativo nacional, sino tambi\u00e9n en todos los \u00e1mbitos d\u00f3nde es ejercida.<\/p>\n<p>Es el Socio quien vuelve a la cancha ilusionado por un t\u00edtulo, pero luego se aleja en las malas campa\u00f1as. Similar es el caso de aquellos quienes omiten la vida social de Independiente, que supo ser ejemplo futbol\u00edstico en Europa\u00a0e instituci\u00f3n modelo en cuanto al \u00e1mbito deportivo social argentino.<\/p>\n<p>Por el amor independentista, es que un grupo de socios apasionados intentar\u00e1 entonces volver a crear un espacio perdido. Sin bandera pol\u00edtica alguna y con las puertas abiertas para qui\u00e9n desee expresarse, LocoXelRojo surge de un grupo de hinchas que siguen al club por el pa\u00eds desde hace varios a\u00f1os y se conocieron gracias al amor por esta gloriosa camiseta.<\/p>\n<p>Independiente est\u00e1 sufriendo carencias en el \u00e1mbito de las nuevas comunicaciones y escasez en la diversidad de informaci\u00f3n y calidad period\u00edstica. Es por eso que se intentar\u00e1 acercarles profesionalismo, voluntad, trabajo y compromiso en la integridad, no s\u00f3lo de las casi 90.000 almas rojas que lucen con orgullo su carnet, sino tambi\u00e9n en el interior del pa\u00eds y el resto del mundo.<\/p>\n<p>Esperamos que este proyecto sea un \u00e9xito y que todos los rojos nos acompa\u00f1en. S\u00f3lo nos mueve la pasi\u00f3n y queremos satisfacer sus deseos. De m\u00e1s est\u00e1 aclarar que ninguno de los integrantes de este Staff vive de esto, sino por y para esto.<\/p>\n<p>Del otro lado no encontrar\u00e1n m\u00e1s que ganas de trabajar, progresar, luchar y aprender. Absteni\u00e9ndonos a la triste realidad de nuestro pa\u00eds y apostando a este nuevo proyecto en plena crisis inflacionaria y de desempleo, bienvenidas ser\u00e1n las cr\u00edticas constructivas teniendo en cuenta que cada hora de trabajo destinada a este espacio y a nuestro querido club tendr\u00e1 como fruto el mantener informados a quienes quieren lo mejor del Club Atl\u00e9tico Independiente.<\/p>\n<p>\u00a1Salud a todos los rojos y gracias por el apoyo recibido!<\/p>\n<p><strong>LocoxelRojo Web<\/strong><\/p>\n","protected":false},"excerpt":{"rendered":"<p>Hace m\u00e1s de 15 a\u00f1os que Independiente no logra volver al espacio que hist\u00f3ricamente ocup\u00f3.\u00a0 Ya que quedan lejos los t\u00edtulos del 94\/95, las nuevas generaciones tienen solamente en sus retinas el campeonato del 2002 y la Copa Sudamericana 2010. Muy lejos estamos de los 18 a\u00f1os riverplatenses, de la d\u00e9cada del 80 boquense o [&hellip;]<\/p>\n","protected":false},"author":1,"featured_media":0,"parent":27502,"menu_order":1,"comment_status":"closed","ping_status":"open","template":"","meta":{"_links_to":"","_links_to_target":""},"_links":{"self":[{"href":"https:\/\/www.locoxelrojo.com\/independiente\/wp-json\/wp\/v2\/pages\/27504"}],"collection":[{"href":"https:\/\/www.locoxelrojo.com\/independiente\/wp-json\/wp\/v2\/pages"}],"about":[{"href":"https:\/\/www.locoxelrojo.com\/independiente\/wp-json\/wp\/v2\/types\/page"}],"author":[{"embeddable":true,"href":"https:\/\/www.locoxelrojo.com\/independiente\/wp-json\/wp\/v2\/users\/1"}],"replies":[{"embeddable":true,"href":"https:\/\/www.locoxelrojo.com\/independiente\/wp-json\/wp\/v2\/comments?post=27504"}],"version-history":[{"count":0,"href":"https:\/\/www.locoxelrojo.com\/independiente\/wp-json\/wp\/v2\/pages\/27504\/revisions"}],"up":[{"embeddable":true,"href":"https:\/\/www.locoxelrojo.com\/independiente\/wp-json\/wp\/v2\/pages\/27502"}],"wp:attachment":[{"href":"https:\/\/www.locoxelrojo.com\/independiente\/wp-json\/wp\/v2\/media?parent=27504"}],"curies":[{"name":"wp","href":"https:\/\/api.w.org\/{rel}","templated":true}]}}