{"id":27506,"date":"2013-02-16T01:20:43","date_gmt":"2013-02-16T04:20:43","guid":{"rendered":"http:\/\/www.locoxelrojo.com.ar\/independiente\/?page_id=27506"},"modified":"2018-06-28T12:03:11","modified_gmt":"2018-06-28T15:03:11","slug":"staff","status":"publish","type":"page","link":"https:\/\/www.locoxelrojo.com\/independiente\/lxr\/staff\/","title":{"rendered":"Staff"},"content":{"rendered":"<p><a href=\"https:\/\/www.locoxelrojo.com\/independiente\/wp-content\/uploads\/2013\/02\/STAFF.jpg\"><img loading=\"lazy\" class=\"alignnone size-full wp-image-45669\" src=\"https:\/\/www.locoxelrojo.com\/independiente\/wp-content\/uploads\/2013\/02\/STAFF.jpg\" alt=\"STAFF\" width=\"740\" height=\"395\" srcset=\"https:\/\/locoxelrojo.com\/independiente\/wp-content\/uploads\/2013\/02\/STAFF.jpg 740w, https:\/\/locoxelrojo.com\/independiente\/wp-content\/uploads\/2013\/02\/STAFF-300x160.jpg 300w, https:\/\/locoxelrojo.com\/independiente\/wp-content\/uploads\/2013\/02\/STAFF-620x330.jpg 620w\" sizes=\"(max-width: 740px) 100vw, 740px\" \/><\/a><\/p>\n<p><strong>Webmaster y Direcci\u00f3n General<\/strong><\/p>\n<p>Bufi, Pablo (<a href=\"https:\/\/twitter.com\/pablitorojo87\" target=\"_blank\" rel=\"noopener\">@pablitorojo87<\/a>)<\/p>\n<p><strong>Direcci\u00f3n Period\u00edstica<\/strong><\/p>\n<p>Volpi, Rodrigo (<a href=\"https:\/\/twitter.com\/rsvolpi\" target=\"_blank\" rel=\"noopener\">@rsvolpi<\/a>)<\/p>\n<p><strong>Editores<\/strong><\/p>\n<p>Carusso, Mat\u00edas (<a href=\"https:\/\/twitter.com\/carussomatias\" target=\"_blank\" rel=\"noopener\">@carussomatias<\/a>)<\/p>\n<p>Fabricatore, Denis (<a href=\"https:\/\/twitter.com\/denisfab23\" target=\"_blank\" rel=\"noopener\">@denisfab23<\/a>)<\/p>\n<p>Pereira, Emiliano (<a href=\"https:\/\/twitter.com\/EmiiPereira7\" target=\"_blank\" rel=\"noopener\">@EmiiPereira7<\/a>)<\/p>\n<p><strong>Redactores<\/strong><\/p>\n<p>Annibali, Bruno (<a href=\"https:\/\/twitter.com\/BrunoAnnibali\" target=\"_blank\" rel=\"noopener\">@BrunoAnnibali<\/a>)<\/p>\n<p>Fagnano, Facundo (<a href=\"https:\/\/twitter.com\/FacuFagnano\" target=\"_blank\" rel=\"noopener\">@FacuFagnano<\/a>)<\/p>\n<p>P\u00e9rez, Gonzalo (<a href=\"https:\/\/twitter.com\/gonzaaperezz77\" target=\"_blank\" rel=\"noopener\">@gonzaaperezz77<\/a>)<\/p>\n<p>Ronzetti, Franco (<a href=\"https:\/\/twitter.com\/FrancoRonzetti\" target=\"_blank\" rel=\"noopener\">@FrancoRonzetti<\/a>)<\/p>\n<p>Sacarelo, Guido (<a href=\"https:\/\/twitter.com\/GuidoSacarelo\" target=\"_blank\" rel=\"noopener\">@GuidoSacarelo <\/a>)<\/p>\n<p>Salinas, Lautaro<\/p>\n<p><strong>Fot\u00f3grafos<\/strong><\/p>\n<p>Chelotti, Fernando (<a href=\"https:\/\/twitter.com\/FJChelotti\" target=\"_blank\" rel=\"noopener\">@FJChelotti<\/a>)<\/p>\n<p>Mart\u00ednez, Giselle (<a href=\"https:\/\/twitter.com\/GRMFotografia\" target=\"_blank\" rel=\"noopener\">@GRMFotografia<\/a>)<\/p>\n","protected":false},"excerpt":{"rendered":"<p>Webmaster y Direcci\u00f3n General Bufi, Pablo (@pablitorojo87) Direcci\u00f3n Period\u00edstica Volpi, Rodrigo (@rsvolpi) Editores Carusso, Mat\u00edas (@carussomatias) Fabricatore, Denis (@denisfab23) Pereira, Emiliano (@EmiiPereira7) Redactores Annibali, Bruno (@BrunoAnnibali) Fagnano, Facundo (@FacuFagnano) P\u00e9rez, Gonzalo (@gonzaaperezz77) Ronzetti, Franco (@FrancoRonzetti) Sacarelo, Guido (@GuidoSacarelo ) Salinas, Lautaro Fot\u00f3grafos Chelotti, Fernando (@FJChelotti) Mart\u00ednez, Giselle (@GRMFotografia)<\/p>\n","protected":false},"author":1,"featured_media":0,"parent":27502,"menu_order":2,"comment_status":"closed","ping_status":"open","template":"","meta":{"_links_to":"","_links_to_target":""},"_links":{"self":[{"href":"https:\/\/www.locoxelrojo.com\/independiente\/wp-json\/wp\/v2\/pages\/27506"}],"collection":[{"href":"https:\/\/www.locoxelrojo.com\/independiente\/wp-json\/wp\/v2\/pages"}],"about":[{"href":"https:\/\/www.locoxelrojo.com\/independiente\/wp-json\/wp\/v2\/types\/page"}],"author":[{"embeddable":true,"href":"https:\/\/www.locoxelrojo.com\/independiente\/wp-json\/wp\/v2\/users\/1"}],"replies":[{"embeddable":true,"href":"https:\/\/www.locoxelrojo.com\/independiente\/wp-json\/wp\/v2\/comments?post=27506"}],"version-history":[{"count":1,"href":"https:\/\/www.locoxelrojo.com\/independiente\/wp-json\/wp\/v2\/pages\/27506\/revisions"}],"predecessor-version":[{"id":78204,"href":"https:\/\/www.locoxelrojo.com\/independiente\/wp-json\/wp\/v2\/pages\/27506\/revisions\/78204"}],"up":[{"embeddable":true,"href":"https:\/\/www.locoxelrojo.com\/independiente\/wp-json\/wp\/v2\/pages\/27502"}],"wp:attachment":[{"href":"https:\/\/www.locoxelrojo.com\/independiente\/wp-json\/wp\/v2\/media?parent=27506"}],"curies":[{"name":"wp","href":"https:\/\/api.w.org\/{rel}","templated":true}]}}